{"id":54,"date":"2024-03-04T20:55:36","date_gmt":"2024-03-04T19:55:36","guid":{"rendered":"http:\/\/localhost\/sarand\/?page_id=54"},"modified":"2024-03-04T20:55:36","modified_gmt":"2024-03-04T19:55:36","slug":"gyulekezet-elerhetosegei","status":"publish","type":"page","link":"https:\/\/sarand.dedipage.hu\/index.php\/gyulekezet-elerhetosegei\/","title":{"rendered":"Gy\u00fclekezet el\u00e9rhet\u0151s\u00e9gei"},"content":{"rendered":"\n<p><strong>S\u00e1r\u00e1ndi Reform\u00e1tus Egyh\u00e1zk\u00f6zs\u00e9g<\/strong><\/p>\n\n\n\n<p><strong>C\u00edme:<\/strong> 4272 S\u00e1r\u00e1nd, Ady Endre u.11.<\/p>\n\n\n\n<p><strong>e-mail:<\/strong> <a href=\"mailto:sarand@reformatus.hu\">sarand@reformatus.hu<\/a><\/p>\n\n\n\n<p><strong>Telefon:<\/strong> <strong>06\/30 4413992<\/strong><\/p>\n\n\n\n<p><strong>Lelk\u00e9sz neve<\/strong>: Sz\u00e1szfalvi Imre<\/p>\n\n\n\n<p><strong>Gondnok neve<\/strong>: Lov\u00e1sz Zsigmond<\/p>\n\n\n\n<p><strong>Templom c\u00edme:<\/strong> 4272 S\u00e1r\u00e1nd, Ady Endre u. 4.<\/p>\n\n\n\n<p><strong>Alkalmaink:<\/strong><\/p>\n\n\n\n<p><strong>Istentisztelet:<\/strong> <strong>vas\u00e1rnap de.10 \u00f3ra<\/strong><\/p>\n\n\n\n<p><strong>Helye:<\/strong> a templom. (T\u00e9len a f\u0171t\u00f6tt gy\u00fclekezeti terem)<\/p>\n\n\n\n<p><strong>Biblia\u00f3ra<\/strong>: <strong>szerda du. 14 \u00f3ra<\/strong><\/p>\n\n\n\n<p><strong>Helye: <\/strong>a gy\u00fclekezeti terem<\/p>\n\n\n\n<p><strong>N\u0151sz\u00f6vets\u00e9g:<\/strong> A h\u00f3nap els\u0151 vas\u00e1rnapj\u00e1n d\u00e9lut\u00e1n 3 \u00f3ra<\/p>\n\n\n\n<p><strong>Helye: <\/strong>a gy\u00fclekezeti terem<\/p>\n","protected":false},"excerpt":{"rendered":"<p>S\u00e1r\u00e1ndi Reform\u00e1tus Egyh\u00e1zk\u00f6zs\u00e9g C\u00edme: 4272 S\u00e1r\u00e1nd, Ady Endre u.11. e-mail: sarand@reformatus.hu Telefon: 06\/30 4413992 Lelk\u00e9sz neve: Sz\u00e1szfalvi Imre Gondnok neve: Lov\u00e1sz Zsigmond Templom c\u00edme: 4272 S\u00e1r\u00e1nd, Ady Endre u. 4. Alkalmaink: Istentisztelet: vas\u00e1rnap de.10 \u00f3ra Helye: a templom. (T\u00e9len a f\u0171t\u00f6tt gy\u00fclekezeti terem) Biblia\u00f3ra: szerda du. 14 \u00f3ra Helye: a gy\u00fclekezeti terem N\u0151sz\u00f6vets\u00e9g: A h\u00f3nap [&hellip;]<\/p>\n","protected":false},"author":1,"featured_media":0,"parent":0,"menu_order":0,"comment_status":"closed","ping_status":"closed","template":"","meta":{"footnotes":""},"class_list":["post-54","page","type-page","status-publish","hentry"],"_links":{"self":[{"href":"https:\/\/sarand.dedipage.hu\/index.php\/wp-json\/wp\/v2\/pages\/54","targetHints":{"allow":["GET"]}}],"collection":[{"href":"https:\/\/sarand.dedipage.hu\/index.php\/wp-json\/wp\/v2\/pages"}],"about":[{"href":"https:\/\/sarand.dedipage.hu\/index.php\/wp-json\/wp\/v2\/types\/page"}],"author":[{"embeddable":true,"href":"https:\/\/sarand.dedipage.hu\/index.php\/wp-json\/wp\/v2\/users\/1"}],"replies":[{"embeddable":true,"href":"https:\/\/sarand.dedipage.hu\/index.php\/wp-json\/wp\/v2\/comments?post=54"}],"version-history":[{"count":1,"href":"https:\/\/sarand.dedipage.hu\/index.php\/wp-json\/wp\/v2\/pages\/54\/revisions"}],"predecessor-version":[{"id":55,"href":"https:\/\/sarand.dedipage.hu\/index.php\/wp-json\/wp\/v2\/pages\/54\/revisions\/55"}],"wp:attachment":[{"href":"https:\/\/sarand.dedipage.hu\/index.php\/wp-json\/wp\/v2\/media?parent=54"}],"curies":[{"name":"wp","href":"https:\/\/api.w.org\/{rel}","templated":true}]}}