{"id":58,"date":"2024-03-04T20:56:15","date_gmt":"2024-03-04T19:56:15","guid":{"rendered":"http:\/\/localhost\/sarand\/?page_id=58"},"modified":"2024-03-04T20:56:15","modified_gmt":"2024-03-04T19:56:15","slug":"bethesda-szocialis-kozpont","status":"publish","type":"page","link":"https:\/\/sarand.dedipage.hu\/index.php\/bethesda-szocialis-kozpont\/","title":{"rendered":"Bethesda Szoci\u00e1lis K\u00f6zpont"},"content":{"rendered":"\n<p><strong>S\u00e1r\u00e1ndi Reform\u00e1tus Egyh\u00e1zk\u00f6zs\u00e9g Bethesda Szoci\u00e1lis K\u00f6zpont<\/strong><\/p>\n\n\n\n<p>C\u00edme: 4272 S\u00e1r\u00e1nd, Ady Endre u.2. sz<\/p>\n\n\n\n<p><strong>email c\u00edm:<\/strong> <a href=\"mailto:bethesda.sarand@gmail.com\">bethesda.sarand@gmail.com<\/a><\/p>\n\n\n\n<p><strong>Telefonsz\u00e1m<\/strong>: <strong>06\/30 4413992<\/strong><\/p>\n\n\n\n<p><strong>06\/703622223<\/strong><\/p>\n\n\n\n<p><strong>Int\u00e9zm\u00e9ny vezet\u0151je<\/strong>: Sz\u0151ll\u0151si K\u00e1lm\u00e1nn\u00e9<\/p>\n\n\n\n<p>Ig\u00e9nk:<\/p>\n\n\n\n<p>\u201eJ\u00f6jjetek \u00e9n hozz\u00e1m mindny\u00e1jan, Akik megf\u00e1radtatok \u00e9s megterheltettetek, \u00e9s \u00e9n megnyugosztlak titeket\u201d (M\u00e1t\u00e9 11:28.)<\/p>\n\n\n\n<p>K\u00fcldet\u00e9s \u00e9s szakmai koncepci\u00f3:<\/p>\n\n\n\n<p>A S\u00e1r\u00e1ndi Reform\u00e1tus egyh\u00e1zk\u00f6zs\u00e9g Presbit\u00e9riuma 2011-ben hat\u00e1rozott \u00fagy, hogy a helyi ig\u00e9nyeket kiel\u00e9g\u00edtve elind\u00edtja els\u0151 szoci\u00e1lis alapszolg\u00e1ltat\u00e1s\u00e1t, a h\u00e1zi seg\u00edts\u00e9gny\u00fajt\u00e1st. 2012. febru\u00e1rj\u00e1ban a szolg\u00e1ltat\u00e1s elindult.<\/p>\n\n\n\n<p>nem sokkal k\u00e9s\u0151bb kieg\u00e9sz\u00fclt tov\u00e1bbi szolg\u00e1ltat\u00e1sokkal: szoci\u00e1lis \u00e9tkeztet\u00e9s, id\u0151skor\u00faak nappali ell\u00e1t\u00e1sa, ezen bel\u00fcl lehet\u0151s\u00e9g van enyhe vagy k\u00f6z\u00e9ps\u00falyos demens szem\u00e9lyek ell\u00e1t\u00e1s\u00e1ra is.<\/p>\n\n\n\n<p>A Bethesda Szoci\u00e1lis K\u00f6zpont c\u00e9lja, hogy minden r\u00e1szorul\u00f3 sz\u00e1m\u00e1ra el\u00e9rhet\u0151 legyen, hogy felismerje az egy\u00e9ni ig\u00e9nyeket, \u00edgy egy\u00e9nre szabott ell\u00e1t\u00e1st ny\u00fajtson azoknak, akik ig\u00e9nyt tartanak r\u00e1. Kiemelt c\u00e9l, seg\u00edtse a hit\u00e9leti tev\u00e9kenys\u00e9get, a r\u00e1szorul\u00f3kat, bajba jutottakat.<\/p>\n\n\n\n<p>K\u00fcldet\u00e9s\u00fcnknek tekintj\u00fck az id\u0151skor\u00fa, beteg emberek saj\u00e1t lak\u00f3k\u00f6rnyezet\u00fckben bel\u00fcli seg\u00edts\u00e9get:szem\u00e9lyi higi\u00e9ni\u00e1juk fenntart\u00e1s\u00e1ban, az orvosi ell\u00e1t\u00e1s ig\u00e9nybev\u00e9tel\u00e9ben, a hivatali \u00fcgyek int\u00e9z\u00e9s\u00e9ben, a mindennapi tev\u00e9kenys\u00e9gben k\u00f6zrem\u0171k\u00f6dni.<\/p>\n\n\n\n<p>Fontos mind az egyh\u00e1zk\u00f6z\u00f6ss\u00e9gnek, mind pedig az int\u00e9zm\u00e9nynek, hogy l\u00e1tsz\u00f3djon az int\u00e9zm\u00e9nyen a reform\u00e1tus identit\u00e1s, nem csak k\u00fcls\u0151 jegyeiben, hanem bels\u0151 lelk\u00fclet\u00fckben is \u00e9rz\u0151dj\u00f6n a diak\u00f3niai szellem.<\/p>\n\n\n\n<p>Reform\u00e1tus lelkis\u00e9g megjelen\u00e9se a szolg\u00e1latban:<\/p>\n\n\n\n<p>Az indul\u00e1skor kiemelt szempont volt kialak\u00edtani egy olyan komplex diak\u00f3niai szolg\u00e1latot, mely kereszt\u00e9ny \u00e9rt\u00e9keken alapszik, amely \u0151rzi \u00e9s k\u00f6zvet\u00edti a tradicion\u00e1lis egyh\u00e1zi \u00e9rt\u00e9keket. A seg\u00edt\u0151 \u00e9s meg\u00e9rt\u0151 besz\u00e9lget\u00e9s mellett ig\u00e9ny szerint felolvas\u00e1sra, k\u00f6z\u00f6s im\u00e1ds\u00e1gra is lehet\u0151s\u00e9g van. A gy\u00fclekezeti programokon val\u00f3 r\u00e9szv\u00e9telt seg\u00edtj\u00fck az id\u0151sek, mozg\u00e1sukban korl\u00e1tozottaknak mikrobusszal t\u00f6rt\u00e9n\u0151 sz\u00e1ll\u00edt\u00e1s\u00e1ban. Tov\u00e1bbi c\u00e9l volt, hogy az indul\u00f3 szolg\u00e1ltat\u00e1sok el\u00e9rhet\u0151ek legyenek a r\u00e1szorul\u00f3k sz\u00e1m\u00e1ra, lehet\u0151s\u00e9get adjanak az egy\u00e9neknek arra, hogy saj\u00e1t maguk v\u00e1lasszanak, d\u00f6ntsenek.<\/p>\n\n\n\n<p>Az egyh\u00e1zk\u00f6zs\u00e9gnek, mint fenntart\u00f3nak fontos szempont, hogy a dolgoz\u00f3k kereszt\u00e9ny \u00e9rt\u00e9kek szerint \u00e9l\u0151k legyenek, \u00e9s ezt k\u00f6zvet\u00edts\u00e9k az ell\u00e1tottak fel\u00e9 is. Kiemelt feladat a munkat\u00e1rsak diak\u00f3niai l\u00e1t\u00e1sm\u00f3dj\u00e1nak fejleszt\u00e9se, hogy a dolgoz\u00f3k ne csup\u00e1n munk\u00e1t v\u00e1llalni, hanem szolg\u00e1lni j\u00f6jjenek.<\/p>\n\n\n\n<p><strong>NYITVATART\u00c1SI ID\u0150: H\u00c9TF\u0150T\u0150L P\u00c9NTEKIG: 8:00 \u2013 16:00 \u00f3r\u00e1ig<\/strong><\/p>\n\n\n\n<p><strong>EL\u00c9RHET\u0150S\u00c9G: 06\/70 3622223<\/strong><\/p>\n\n\n\n<p><strong>06\/30 4413992<\/strong><\/p>\n","protected":false},"excerpt":{"rendered":"<p>S\u00e1r\u00e1ndi Reform\u00e1tus Egyh\u00e1zk\u00f6zs\u00e9g Bethesda Szoci\u00e1lis K\u00f6zpont C\u00edme: 4272 S\u00e1r\u00e1nd, Ady Endre u.2. sz email c\u00edm: bethesda.sarand@gmail.com Telefonsz\u00e1m: 06\/30 4413992 06\/703622223 Int\u00e9zm\u00e9ny vezet\u0151je: Sz\u0151ll\u0151si K\u00e1lm\u00e1nn\u00e9 Ig\u00e9nk: \u201eJ\u00f6jjetek \u00e9n hozz\u00e1m mindny\u00e1jan, Akik megf\u00e1radtatok \u00e9s megterheltettetek, \u00e9s \u00e9n megnyugosztlak titeket\u201d (M\u00e1t\u00e9 11:28.) K\u00fcldet\u00e9s \u00e9s szakmai koncepci\u00f3: A S\u00e1r\u00e1ndi Reform\u00e1tus egyh\u00e1zk\u00f6zs\u00e9g Presbit\u00e9riuma 2011-ben hat\u00e1rozott \u00fagy, hogy a helyi ig\u00e9nyeket [&hellip;]<\/p>\n","protected":false},"author":1,"featured_media":0,"parent":0,"menu_order":0,"comment_status":"closed","ping_status":"closed","template":"","meta":{"footnotes":""},"class_list":["post-58","page","type-page","status-publish","hentry"],"_links":{"self":[{"href":"https:\/\/sarand.dedipage.hu\/index.php\/wp-json\/wp\/v2\/pages\/58","targetHints":{"allow":["GET"]}}],"collection":[{"href":"https:\/\/sarand.dedipage.hu\/index.php\/wp-json\/wp\/v2\/pages"}],"about":[{"href":"https:\/\/sarand.dedipage.hu\/index.php\/wp-json\/wp\/v2\/types\/page"}],"author":[{"embeddable":true,"href":"https:\/\/sarand.dedipage.hu\/index.php\/wp-json\/wp\/v2\/users\/1"}],"replies":[{"embeddable":true,"href":"https:\/\/sarand.dedipage.hu\/index.php\/wp-json\/wp\/v2\/comments?post=58"}],"version-history":[{"count":1,"href":"https:\/\/sarand.dedipage.hu\/index.php\/wp-json\/wp\/v2\/pages\/58\/revisions"}],"predecessor-version":[{"id":59,"href":"https:\/\/sarand.dedipage.hu\/index.php\/wp-json\/wp\/v2\/pages\/58\/revisions\/59"}],"wp:attachment":[{"href":"https:\/\/sarand.dedipage.hu\/index.php\/wp-json\/wp\/v2\/media?parent=58"}],"curies":[{"name":"wp","href":"https:\/\/api.w.org\/{rel}","templated":true}]}}