{"id":60,"date":"2024-03-04T20:56:31","date_gmt":"2024-03-04T19:56:31","guid":{"rendered":"http:\/\/localhost\/sarand\/?page_id=60"},"modified":"2024-03-04T20:56:31","modified_gmt":"2024-03-04T19:56:31","slug":"temeto","status":"publish","type":"page","link":"https:\/\/sarand.dedipage.hu\/index.php\/temeto\/","title":{"rendered":"Temet\u0151"},"content":{"rendered":"\n<p><strong>A temet\u0151 c\u00edme:<\/strong><\/p>\n\n\n\n<p>4272 S\u00e1r\u00e1nd, Temet\u0151 u. 2.<\/p>\n\n\n\n<p><strong>A temet\u0151 nyitvatart\u00e1sa:<\/strong><\/p>\n\n\n\n<p>A temet\u0151 kiskapui h\u00e9tk\u00f6znap \u00e9s vas\u00e1rnap, szabadnapokon \u00e9s \u00fcnnepnapokon is \u00e9jjel &#8211; nappal nyitva vannak. Gyalogosan \u00e9s ker\u00e9kp\u00e1rral b\u00e1rki, b\u00e1rmikor be tud menni hozz\u00e1tartoz\u00f3ja s\u00edrj\u00e1hoz.<\/p>\n\n\n\n<p><strong>A nagykapu haszn\u00e1lata:<\/strong><\/p>\n\n\n\n<p>A nagykapun szem\u00e9lyg\u00e9pkocsival &#8211; behajt\u00e1si d\u00edj (\u201ekapup\u00e9nz\u201d) fizet\u00e9se n\u00e9lk\u00fcl &#8211; be lehet menni, amennyiben ezt id\u0151skor, betegs\u00e9g, mozg\u00e1skorl\u00e1toz\u00e1si okok miatt szeretn\u00e9 valaki megtenni.<\/p>\n\n\n\n<p>Ezt a sz\u00e1nd\u00e9k\u00e1t jelezheti: szem\u00e9lyesen a Bethesda Szoci\u00e1lis K\u00f6zpontban h\u00e9tk\u00f6znap 8-14 \u00f3r\u00e1ig, vagy telefonon Entersz Ilona telefonj\u00e1n: 06\/703622223. Ez a telefonsz\u00e1m a Bethesda Szoci\u00e1lis K\u00f6zpont fal\u00e1n, k\u00edv\u00fclr\u0151l j\u00f3l l\u00e1that\u00f3 m\u00f3don is megtal\u00e1lhat\u00f3.<\/p>\n\n\n\n<p>Term\u00e9szetesen passzi\u00f3b\u00f3l, aut\u00f3vezet\u00e9si gyakorl\u00e1s c\u00e9lj\u00e1b\u00f3l nem lehet a temet\u0151 ter\u00fclet\u00e9t haszn\u00e1lni, m\u00e1sok kegyeleti tev\u00e9kenys\u00e9g\u00e9t megzavarni.<\/p>\n\n\n\n<p><strong>Munkav\u00e9gz\u00e9s vagy s\u00edrk\u0151\u00e1ll\u00edt\u00e1s<\/strong> c\u00e9lj\u00e1b\u00f3l aut\u00f3val a nagykapun val\u00f3 k\u00f6zleked\u00e9snek szint\u00e9n nincs akad\u00e1lya, term\u00e9szetesen akkor, ha \u00e9rv\u00e9nyes (nem lej\u00e1rt) megv\u00e1ltott s\u00edrhellyel rendelkezik a hozz\u00e1tartoz\u00f3. S\u00edrk\u0151\u00e1ll\u00edt\u00e1si sz\u00e1nd\u00e9k\u00e1t Entersz Ilon\u00e1n\u00e1l a fentebb eml\u00edtet m\u00f3don lehet jelezni, \u00e9s a jogosults\u00e1g ellen\u0151rz\u00e9se ut\u00e1n a s\u00edrk\u00f6ves behajt\u00e1si \u00e9s s\u00edrk\u0151\u00e1ll\u00edt\u00e1si enged\u00e9lyt kap arra a s\u00edrhelyre.<\/p>\n\n\n\n<p>A s\u00edrk\u0151lop\u00e1sok \u00e9s rong\u00e1l\u00e1sok miatt, valamint a jogosulatlan s\u00edrk\u0151\u00e1ll\u00edt\u00e1si esetek k\u00f6vetkezt\u00e9ben a temet\u0151 rendj\u00e9nek fenntart\u00e1sa \u00e9rdek\u00e9ben jelezni k\u00edv\u00e1njuk, hogy meg nem v\u00e1s\u00e1rolt vagy lej\u00e1rt s\u00edrhelyre s\u00edrk\u00f6vet \u00e1ll\u00edtani term\u00e9szetesen nem megengedett, mint ahogy meg nem v\u00e1s\u00e1rolt telekre sem \u00e9p\u00edtkezhet senki.<\/p>\n\n\n\n<p>A s\u00edrk\u0151\u00e1ll\u00edt\u00e1s sor\u00e1n a nagykapu kinyit\u00e1s\u00e1\u00e9rt a hozz\u00e1tartoz\u00f3nak nem kell fizetni. A s\u00edrk\u00f6vesnek azonban, aki ez esetben a temet\u0151ben j\u00f6vedelemszerz\u0151 tev\u00e9kenys\u00e9get folytat temet\u0151fenntart\u00f3i hozz\u00e1j\u00e1rul\u00e1st fizetnie kell. \u00cdgy van ez sok m\u00e1s temet\u0151 eset\u00e9ben is. A s\u00edrk\u00f6vesek term\u00e9szetesen tudj\u00e1k ezt, mivel err\u0151l t\u00e1j\u00e9koztat\u00e1st kaptak, melyet al\u00e1 is \u00edrtak, csak ahol lehet, szeretik ezt az \u00f6sszeget \u201ekapup\u00e9nznek\u201d nevezve a hozz\u00e1tartoz\u00f3kkal megfizettetni. Ne engedj\u00e9k! Ez nem a megrendel\u0151, hozz\u00e1tartoz\u00f3, hanem a hasznot elviv\u0151 s\u00edrk\u00f6ves k\u00f6teless\u00e9ge. Err\u0151l a s\u00edrk\u00f6vesek t\u00e1j\u00e9koztat\u00e1st kaptak.<\/p>\n\n\n\n<p>Minden egy\u00e9b k\u00e9rd\u00e9ssel a Hossz\u00fap\u00e1lyi Temetkez\u00e9si V\u00e1llalathoz lehet fordulni:<\/p>\n\n\n\n<p><strong>El\u00e9rhet\u0151s\u00e9g: J\u00f3n\u00e1s J\u00e1nosn\u00e9<\/strong><\/p>\n\n\n\n<p><strong>Hossz\u00fap\u00e1lyi<\/strong><\/p>\n\n\n\n<p><a><\/a> <strong>Telefon: 06\/30 9658628<\/strong><\/p>\n","protected":false},"excerpt":{"rendered":"<p>A temet\u0151 c\u00edme: 4272 S\u00e1r\u00e1nd, Temet\u0151 u. 2. A temet\u0151 nyitvatart\u00e1sa: A temet\u0151 kiskapui h\u00e9tk\u00f6znap \u00e9s vas\u00e1rnap, szabadnapokon \u00e9s \u00fcnnepnapokon is \u00e9jjel &#8211; nappal nyitva vannak. Gyalogosan \u00e9s ker\u00e9kp\u00e1rral b\u00e1rki, b\u00e1rmikor be tud menni hozz\u00e1tartoz\u00f3ja s\u00edrj\u00e1hoz. A nagykapu haszn\u00e1lata: A nagykapun szem\u00e9lyg\u00e9pkocsival &#8211; behajt\u00e1si d\u00edj (\u201ekapup\u00e9nz\u201d) fizet\u00e9se n\u00e9lk\u00fcl &#8211; be lehet menni, amennyiben ezt id\u0151skor, [&hellip;]<\/p>\n","protected":false},"author":1,"featured_media":0,"parent":0,"menu_order":0,"comment_status":"closed","ping_status":"closed","template":"","meta":{"footnotes":""},"class_list":["post-60","page","type-page","status-publish","hentry"],"_links":{"self":[{"href":"https:\/\/sarand.dedipage.hu\/index.php\/wp-json\/wp\/v2\/pages\/60","targetHints":{"allow":["GET"]}}],"collection":[{"href":"https:\/\/sarand.dedipage.hu\/index.php\/wp-json\/wp\/v2\/pages"}],"about":[{"href":"https:\/\/sarand.dedipage.hu\/index.php\/wp-json\/wp\/v2\/types\/page"}],"author":[{"embeddable":true,"href":"https:\/\/sarand.dedipage.hu\/index.php\/wp-json\/wp\/v2\/users\/1"}],"replies":[{"embeddable":true,"href":"https:\/\/sarand.dedipage.hu\/index.php\/wp-json\/wp\/v2\/comments?post=60"}],"version-history":[{"count":1,"href":"https:\/\/sarand.dedipage.hu\/index.php\/wp-json\/wp\/v2\/pages\/60\/revisions"}],"predecessor-version":[{"id":61,"href":"https:\/\/sarand.dedipage.hu\/index.php\/wp-json\/wp\/v2\/pages\/60\/revisions\/61"}],"wp:attachment":[{"href":"https:\/\/sarand.dedipage.hu\/index.php\/wp-json\/wp\/v2\/media?parent=60"}],"curies":[{"name":"wp","href":"https:\/\/api.w.org\/{rel}","templated":true}]}}